{"id":2107,"date":"2018-04-13T13:46:58","date_gmt":"2018-04-13T13:46:58","guid":{"rendered":"http:\/\/verdure.mikado-themes.com\/?page_id=2107"},"modified":"2023-04-22T19:10:30","modified_gmt":"2023-04-22T17:10:30","slug":"le-pin-d-arolle","status":"publish","type":"page","link":"https:\/\/myalpine.care\/index.php\/le-pin-d-arolle\/","title":{"rendered":"Le Pin d&rsquo;Arolle ?"},"content":{"rendered":"<p>[vc_row][vc_column][vc_column_text]<\/p>\n<h5><img loading=\"lazy\" decoding=\"async\" class=\"wp-image-4139 alignright\" src=\"https:\/\/myalpine.care\/wp-content\/uploads\/2023\/01\/20200819_152811-225x300.jpg\" alt=\"\" width=\"505\" height=\"673\" srcset=\"https:\/\/myalpine.care\/wp-content\/uploads\/2023\/01\/20200819_152811-225x300.jpg 225w, https:\/\/myalpine.care\/wp-content\/uploads\/2023\/01\/20200819_152811-768x1024.jpg 768w, https:\/\/myalpine.care\/wp-content\/uploads\/2023\/01\/20200819_152811-1152x1536.jpg 1152w, https:\/\/myalpine.care\/wp-content\/uploads\/2023\/01\/20200819_152811-1536x2048.jpg 1536w, https:\/\/myalpine.care\/wp-content\/uploads\/2023\/01\/20200819_152811-scaled.jpg 1920w\" sizes=\"auto, (max-width: 505px) 100vw, 505px\" \/>Le Pin d&rsquo;arolle \u00ab\u00a0Pinus Cembra\/arve\/arolle pine\u00a0\u00bb ou plus affectueusement appel\u00e9 le roi des Alpes !<\/h5>\n<h6>Le Pin d&rsquo;Arolle est un arbre majestueux et ancestral qui pousse \u00e0 une altitude entre 1&rsquo;700 et 2&rsquo;400 m\u00e8tres dans les r\u00e9gions recul\u00e9es des Alpes.<\/h6>\n<h6>Ses atouts sont connus depuis des centaines d&rsquo;ann\u00e9es par les habitants des r\u00e9gions alpines pour ses effets calmants et bienfaisants.<\/h6>\n<p>R\u00e9cemment des \u00e9tudes ont permis de constat\u00e9 les effets positifs du pin d&rsquo;Arolle sur l&rsquo;homme.<br \/>\nCe diffuseur est 100% naturel et r\u00e9utilisable \u00ab\u00a0\u00e0 vie\u00a0\u00bb.<\/p>\n<p>Fabriqu\u00e9 dans le respect de la for\u00eat et en utilisant l&rsquo;\u00e9nergie solaire pour sa fabrication dans les Alpes du Tyrol Autrichien N\u00b01 du Bio au Monde ![\/vc_column_text][\/vc_column][\/vc_row]<\/p>\n","protected":false},"excerpt":{"rendered":"<p>[vc_row][vc_column][vc_column_text] Le Pin d&rsquo;arolle \u00ab\u00a0Pinus Cembra\/arve\/arolle pine\u00a0\u00bb ou plus affectueusement appel\u00e9 le roi des Alpes ! Le Pin d&rsquo;Arolle est un arbre majestueux et ancestral qui pousse \u00e0 une altitude entre 1&rsquo;700 et 2&rsquo;400 m\u00e8tres dans les r\u00e9gions recul\u00e9es des [&hellip;]<\/p>\n","protected":false},"author":1,"featured_media":0,"parent":0,"menu_order":0,"comment_status":"closed","ping_status":"closed","template":"full-width.php","meta":{"footnotes":""},"class_list":["post-2107","page","type-page","status-publish","hentry"],"yoast_head":"<!-- This site is optimized with the Yoast SEO plugin v25.9 - https:\/\/yoast.com\/wordpress\/plugins\/seo\/ -->\n<title>Le Pin d&#039;Arolle ? - Myalpine.Care<\/title>\n<meta name=\"robots\" content=\"index, follow, max-snippet:-1, max-image-preview:large, max-video-preview:-1\" \/>\n<link rel=\"canonical\" href=\"https:\/\/myalpine.care\/index.php\/le-pin-d-arolle\/\" \/>\n<meta property=\"og:locale\" content=\"fr_FR\" \/>\n<meta property=\"og:type\" content=\"article\" \/>\n<meta property=\"og:title\" content=\"%\" \/>\n<meta property=\"og:description\" content=\"[vc_row][vc_column][vc_column_text] Le Pin d&rsquo;arolle \u00ab\u00a0Pinus Cembra\/arve\/arolle pine\u00a0\u00bb ou plus affectueusement appel\u00e9 le roi des Alpes ! Le Pin d&rsquo;Arolle est un arbre majestueux et ancestral qui pousse \u00e0 une altitude entre 1&rsquo;700 et 2&rsquo;400 m\u00e8tres dans les r\u00e9gions recul\u00e9es des [&hellip;]\" \/>\n<meta property=\"og:url\" content=\"https:\/\/myalpine.care\/index.php\/le-pin-d-arolle\/\" \/>\n<meta property=\"og:site_name\" content=\"Myalpine.Care\" \/>\n<meta property=\"article:publisher\" content=\"https:\/\/www.facebook.com\/myalpineshop\" \/>\n<meta property=\"article:modified_time\" content=\"2023-04-22T17:10:30+00:00\" \/>\n<meta property=\"og:image\" content=\"https:\/\/myalpine.care\/wp-content\/uploads\/2023\/01\/20200819_152811-scaled.jpg\" \/>\n\t<meta property=\"og:image:width\" content=\"1920\" \/>\n\t<meta property=\"og:image:height\" content=\"2560\" \/>\n\t<meta property=\"og:image:type\" content=\"image\/jpeg\" \/>\n<meta name=\"twitter:card\" content=\"summary_large_image\" \/>\n<meta name=\"twitter:site\" content=\"@myalpineshop\" \/>\n<meta name=\"twitter:label1\" content=\"Dur\u00e9e de lecture estim\u00e9e\" \/>\n\t<meta name=\"twitter:data1\" content=\"1 minute\" \/>\n<script type=\"application\/ld+json\" class=\"yoast-schema-graph\">{\"@context\":\"https:\/\/schema.org\",\"@graph\":[{\"@type\":\"WebPage\",\"@id\":\"https:\/\/myalpine.care\/index.php\/le-pin-d-arolle\/\",\"url\":\"https:\/\/myalpine.care\/index.php\/le-pin-d-arolle\/\",\"name\":\"Le Pin d'Arolle ? - Myalpine.Care\",\"isPartOf\":{\"@id\":\"https:\/\/myalpine.care\/#website\"},\"primaryImageOfPage\":{\"@id\":\"https:\/\/myalpine.care\/index.php\/le-pin-d-arolle\/#primaryimage\"},\"image\":{\"@id\":\"https:\/\/myalpine.care\/index.php\/le-pin-d-arolle\/#primaryimage\"},\"thumbnailUrl\":\"https:\/\/myalpine.care\/wp-content\/uploads\/2023\/01\/20200819_152811-225x300.jpg\",\"datePublished\":\"2018-04-13T13:46:58+00:00\",\"dateModified\":\"2023-04-22T17:10:30+00:00\",\"breadcrumb\":{\"@id\":\"https:\/\/myalpine.care\/index.php\/le-pin-d-arolle\/#breadcrumb\"},\"inLanguage\":\"fr-FR\",\"potentialAction\":[{\"@type\":\"ReadAction\",\"target\":[\"https:\/\/myalpine.care\/index.php\/le-pin-d-arolle\/\"]}]},{\"@type\":\"ImageObject\",\"inLanguage\":\"fr-FR\",\"@id\":\"https:\/\/myalpine.care\/index.php\/le-pin-d-arolle\/#primaryimage\",\"url\":\"https:\/\/myalpine.care\/wp-content\/uploads\/2023\/01\/20200819_152811-scaled.jpg\",\"contentUrl\":\"https:\/\/myalpine.care\/wp-content\/uploads\/2023\/01\/20200819_152811-scaled.jpg\",\"width\":1920,\"height\":2560},{\"@type\":\"BreadcrumbList\",\"@id\":\"https:\/\/myalpine.care\/index.php\/le-pin-d-arolle\/#breadcrumb\",\"itemListElement\":[{\"@type\":\"ListItem\",\"position\":1,\"name\":\"Accueil\",\"item\":\"https:\/\/myalpine.care\/\"},{\"@type\":\"ListItem\",\"position\":2,\"name\":\"Le Pin d&rsquo;Arolle ?\"}]},{\"@type\":\"WebSite\",\"@id\":\"https:\/\/myalpine.care\/#website\",\"url\":\"https:\/\/myalpine.care\/\",\"name\":\"Myalpine.Care\",\"description\":\"Votre bien \u00eatre avec le pouvoir des Alpes\",\"publisher\":{\"@id\":\"https:\/\/myalpine.care\/#organization\"},\"potentialAction\":[{\"@type\":\"SearchAction\",\"target\":{\"@type\":\"EntryPoint\",\"urlTemplate\":\"https:\/\/myalpine.care\/?s={search_term_string}\"},\"query-input\":{\"@type\":\"PropertyValueSpecification\",\"valueRequired\":true,\"valueName\":\"search_term_string\"}}],\"inLanguage\":\"fr-FR\"},{\"@type\":\"Organization\",\"@id\":\"https:\/\/myalpine.care\/#organization\",\"name\":\"Myalpine.Care\",\"url\":\"https:\/\/myalpine.care\/\",\"logo\":{\"@type\":\"ImageObject\",\"inLanguage\":\"fr-FR\",\"@id\":\"https:\/\/myalpine.care\/#\/schema\/logo\/image\/\",\"url\":\"https:\/\/myalpine.care\/wp-content\/uploads\/2023\/01\/ALPMAR22-Logo-MyAlpineCare-280px-sur-85px-e1681842050362.png\",\"contentUrl\":\"https:\/\/myalpine.care\/wp-content\/uploads\/2023\/01\/ALPMAR22-Logo-MyAlpineCare-280px-sur-85px-e1681842050362.png\",\"width\":280,\"height\":85,\"caption\":\"Myalpine.Care\"},\"image\":{\"@id\":\"https:\/\/myalpine.care\/#\/schema\/logo\/image\/\"},\"sameAs\":[\"https:\/\/www.facebook.com\/myalpineshop\",\"https:\/\/x.com\/myalpineshop\"]}]}<\/script>\n<!-- \/ Yoast SEO plugin. -->","yoast_head_json":{"title":"Le Pin d'Arolle ? - Myalpine.Care","robots":{"index":"index","follow":"follow","max-snippet":"max-snippet:-1","max-image-preview":"max-image-preview:large","max-video-preview":"max-video-preview:-1"},"canonical":"https:\/\/myalpine.care\/index.php\/le-pin-d-arolle\/","og_locale":"fr_FR","og_type":"article","og_title":"%","og_description":"[vc_row][vc_column][vc_column_text] Le Pin d&rsquo;arolle \u00ab\u00a0Pinus Cembra\/arve\/arolle pine\u00a0\u00bb ou plus affectueusement appel\u00e9 le roi des Alpes ! Le Pin d&rsquo;Arolle est un arbre majestueux et ancestral qui pousse \u00e0 une altitude entre 1&rsquo;700 et 2&rsquo;400 m\u00e8tres dans les r\u00e9gions recul\u00e9es des [&hellip;]","og_url":"https:\/\/myalpine.care\/index.php\/le-pin-d-arolle\/","og_site_name":"Myalpine.Care","article_publisher":"https:\/\/www.facebook.com\/myalpineshop","article_modified_time":"2023-04-22T17:10:30+00:00","og_image":[{"width":1920,"height":2560,"url":"https:\/\/myalpine.care\/wp-content\/uploads\/2023\/01\/20200819_152811-scaled.jpg","type":"image\/jpeg"}],"twitter_card":"summary_large_image","twitter_site":"@myalpineshop","twitter_misc":{"Dur\u00e9e de lecture estim\u00e9e":"1 minute"},"schema":{"@context":"https:\/\/schema.org","@graph":[{"@type":"WebPage","@id":"https:\/\/myalpine.care\/index.php\/le-pin-d-arolle\/","url":"https:\/\/myalpine.care\/index.php\/le-pin-d-arolle\/","name":"Le Pin d'Arolle ? - Myalpine.Care","isPartOf":{"@id":"https:\/\/myalpine.care\/#website"},"primaryImageOfPage":{"@id":"https:\/\/myalpine.care\/index.php\/le-pin-d-arolle\/#primaryimage"},"image":{"@id":"https:\/\/myalpine.care\/index.php\/le-pin-d-arolle\/#primaryimage"},"thumbnailUrl":"https:\/\/myalpine.care\/wp-content\/uploads\/2023\/01\/20200819_152811-225x300.jpg","datePublished":"2018-04-13T13:46:58+00:00","dateModified":"2023-04-22T17:10:30+00:00","breadcrumb":{"@id":"https:\/\/myalpine.care\/index.php\/le-pin-d-arolle\/#breadcrumb"},"inLanguage":"fr-FR","potentialAction":[{"@type":"ReadAction","target":["https:\/\/myalpine.care\/index.php\/le-pin-d-arolle\/"]}]},{"@type":"ImageObject","inLanguage":"fr-FR","@id":"https:\/\/myalpine.care\/index.php\/le-pin-d-arolle\/#primaryimage","url":"https:\/\/myalpine.care\/wp-content\/uploads\/2023\/01\/20200819_152811-scaled.jpg","contentUrl":"https:\/\/myalpine.care\/wp-content\/uploads\/2023\/01\/20200819_152811-scaled.jpg","width":1920,"height":2560},{"@type":"BreadcrumbList","@id":"https:\/\/myalpine.care\/index.php\/le-pin-d-arolle\/#breadcrumb","itemListElement":[{"@type":"ListItem","position":1,"name":"Accueil","item":"https:\/\/myalpine.care\/"},{"@type":"ListItem","position":2,"name":"Le Pin d&rsquo;Arolle ?"}]},{"@type":"WebSite","@id":"https:\/\/myalpine.care\/#website","url":"https:\/\/myalpine.care\/","name":"Myalpine.Care","description":"Votre bien \u00eatre avec le pouvoir des Alpes","publisher":{"@id":"https:\/\/myalpine.care\/#organization"},"potentialAction":[{"@type":"SearchAction","target":{"@type":"EntryPoint","urlTemplate":"https:\/\/myalpine.care\/?s={search_term_string}"},"query-input":{"@type":"PropertyValueSpecification","valueRequired":true,"valueName":"search_term_string"}}],"inLanguage":"fr-FR"},{"@type":"Organization","@id":"https:\/\/myalpine.care\/#organization","name":"Myalpine.Care","url":"https:\/\/myalpine.care\/","logo":{"@type":"ImageObject","inLanguage":"fr-FR","@id":"https:\/\/myalpine.care\/#\/schema\/logo\/image\/","url":"https:\/\/myalpine.care\/wp-content\/uploads\/2023\/01\/ALPMAR22-Logo-MyAlpineCare-280px-sur-85px-e1681842050362.png","contentUrl":"https:\/\/myalpine.care\/wp-content\/uploads\/2023\/01\/ALPMAR22-Logo-MyAlpineCare-280px-sur-85px-e1681842050362.png","width":280,"height":85,"caption":"Myalpine.Care"},"image":{"@id":"https:\/\/myalpine.care\/#\/schema\/logo\/image\/"},"sameAs":["https:\/\/www.facebook.com\/myalpineshop","https:\/\/x.com\/myalpineshop"]}]}},"jetpack_sharing_enabled":true,"_links":{"self":[{"href":"https:\/\/myalpine.care\/index.php\/wp-json\/wp\/v2\/pages\/2107","targetHints":{"allow":["GET"]}}],"collection":[{"href":"https:\/\/myalpine.care\/index.php\/wp-json\/wp\/v2\/pages"}],"about":[{"href":"https:\/\/myalpine.care\/index.php\/wp-json\/wp\/v2\/types\/page"}],"author":[{"embeddable":true,"href":"https:\/\/myalpine.care\/index.php\/wp-json\/wp\/v2\/users\/1"}],"replies":[{"embeddable":true,"href":"https:\/\/myalpine.care\/index.php\/wp-json\/wp\/v2\/comments?post=2107"}],"version-history":[{"count":8,"href":"https:\/\/myalpine.care\/index.php\/wp-json\/wp\/v2\/pages\/2107\/revisions"}],"predecessor-version":[{"id":4217,"href":"https:\/\/myalpine.care\/index.php\/wp-json\/wp\/v2\/pages\/2107\/revisions\/4217"}],"wp:attachment":[{"href":"https:\/\/myalpine.care\/index.php\/wp-json\/wp\/v2\/media?parent=2107"}],"curies":[{"name":"wp","href":"https:\/\/api.w.org\/{rel}","templated":true}]}}